{"id":27,"date":"2011-06-18T17:47:25","date_gmt":"2011-06-18T17:47:25","guid":{"rendered":"http:\/\/www.prosper142.de\/wp\/?page_id=27"},"modified":"2024-05-03T15:20:46","modified_gmt":"2024-05-03T13:20:46","slug":"kontakt","status":"publish","type":"page","link":"https:\/\/www.prosper142.de\/?page_id=27","title":{"rendered":"Kontakt"},"content":{"rendered":"<h3>Ihre Meinung ist f\u00fcr uns von h\u00f6chstem Interesse.<\/h3>\n<p style=\"text-align: justify;\">Nur durch Ihre R\u00fcckmeldung k\u00f6nnen wir erfahren, ob es Ihnen bei uns gefallen hat, ob Sie Verbesserungen vorschlagen, oder ob Sie Anlass zur Kritik hatten.<\/p>\n<p style=\"text-align: justify;\">Dies gibt uns die M\u00f6glichkeit, Fehler abzustellen, Behandlungsabl\u00e4ufe zu verbessern und auch neue Therapien auf ihre Wirksamkeit und Vertr\u00e4glichkeit zu \u00fcberpr\u00fcfen. Nat\u00fcrlich freuen unsere Mitarbeiter sich auch \u00fcber positive R\u00fcckmeldungen.<\/p>\n<p style=\"text-align: justify;\">Also: Z\u00f6gern Sie bitte nicht, uns anzusprechen.<\/p>\n<p style=\"text-align: justify;\">Sie k\u00f6nnen uns auf vielf\u00e4ltige Art erreichen.<\/p>\n<p><strong>Pers\u00f6nlich jederzeit w\u00e4hrend der Sprechzeiten<\/strong>. Bitte wenden Sie sich an eine unserer Mitarbeiterinnen, sie sind zur Vertraulichkeit verpflichtet.<\/p>\n<p><strong>Schriftlich richten Sie Ihre Anfrage \/ Kritik bitte an<\/strong><\/p>\n<p style=\"padding-left: 30px;\">Gemeinschaftspraxis prosper &#8211; Dres. Baumann\/Giepen\/Jandewerth<br \/>Prosperstr. 142<br \/>D-46238 Bottrop<\/p>\n<p><strong>Telefonisch<\/strong> <a href=\"tel:0049204163409\">+49 (0)2041 &#8211; 63409<\/a><br \/><strong>per Fax<\/strong> +49 (0)2041 &#8211; 63414<br \/><strong>Rezepttelefon\/AB<\/strong> <a href=\"tel:00492041180199\">+49 (0)2041 &#8211; 180199<\/a><br \/><b>medizinische Notfallnummer <\/b>+49 (0)2041 &#8211; 7610767<br \/><b>Arzt-zu-Arzt-Kontakt <\/b>+49 (0)2041 &#8211; 4065723<\/p>\n<p><strong>WhatsApp <\/strong>02041-63409<\/p>\n<p><strong><a href=\"https:\/\/www.prosper142.de\/wp-content\/uploads\/2023\/04\/QR-Code-WhatsApp-Business.jpg\"><img loading=\"lazy\" decoding=\"async\" class=\"alignnone wp-image-982 size-full\" src=\"https:\/\/www.prosper142.de\/wp-content\/uploads\/2023\/04\/QR-Code-WhatsApp-Business.jpg\" alt=\"\" width=\"355\" height=\"403\" srcset=\"https:\/\/www.prosper142.de\/wp-content\/uploads\/2023\/04\/QR-Code-WhatsApp-Business.jpg 355w, https:\/\/www.prosper142.de\/wp-content\/uploads\/2023\/04\/QR-Code-WhatsApp-Business-264x300.jpg 264w, https:\/\/www.prosper142.de\/wp-content\/uploads\/2023\/04\/QR-Code-WhatsApp-Business-132x150.jpg 132w\" sizes=\"auto, (max-width: 355px) 100vw, 355px\" \/><\/a><br \/>eMail <a href=\"mailto:praxis@prosper142.de\">praxis@prosper142.de<\/a><br \/>KIM-Adresse <\/strong>prosper.198564600@i-motion.kim.telematik<\/p>\n<h3>Offene Sprechstunde<\/h3>\n<p style=\"padding-left: 30px;\">Montags, Dienstags, Donnerstags 8 &#8211; 12 h und 15 &#8211; 17 h<br \/>Mittwoch, Freitag 8 &#8211; 12 h<br \/>sowie nach Vereinbarung.<\/p>\n\n\n<div style=\"height:100px\" aria-hidden=\"true\" class=\"wp-block-spacer\"><\/div>\n\n\n<h3>Anfahrt<\/h3>\n<p>Unsere Praxis liegt sehr verkehrsg\u00fcnstig direkt im Herzen von Bottrop an der Prosperstr.<\/p>\n\n\n<div class=\"wp-block-webfactory-map\"><div class=\"wp-block-webfactory-map\"><iframe loading=\"lazy\" title=\"Map\" width=\"100%\" height=\"350px\" src=\"https:\/\/www.google.com\/maps\/embed\/v1\/place?q=Gemeinschaftspraxis%20prosper%2C%20Prosperstr.%20142%2C%2046238%20Bottrop&amp;maptype=roadmap&amp;zoom=13&amp;key=AIzaSyDDDdvlcxKCeGBn1ftKvHgixk_4_8AfH4g\" frameborder=\"0\"><\/iframe><\/div><\/div>\n\n\n\n<p><a href=\"http:\/\/maps.google.de\/maps?f=q&amp;source=embed&amp;hl=de&amp;geocode=&amp;q=Praxis+Giepen,+Prosperstr.+142,+46244+Bottrop&amp;sll=51.151786,10.415039&amp;sspn=24.089612,38.847656&amp;ie=UTF8&amp;t=h&amp;ll=51.520594,6.942458&amp;spn=0.004006,0.006652&amp;z=17&amp;iwloc=A&amp;iwstate1=dir\" target=\"_blank\" rel=\"noreferrer noopener\">Gr\u00f6\u00dfere Kartenansicht<\/a><\/p>\n","protected":false},"excerpt":{"rendered":"<p>Ihre Meinung ist f\u00fcr uns von h\u00f6chstem Interesse. Nur durch Ihre R\u00fcckmeldung k\u00f6nnen wir erfahren, ob es Ihnen bei uns gefallen hat, ob Sie Verbesserungen vorschlagen, oder ob Sie Anlass zur Kritik hatten. Dies gibt uns die M\u00f6glichkeit, Fehler abzustellen, Behandlungsabl\u00e4ufe zu verbessern und auch neue Therapien auf ihre Wirksamkeit und Vertr\u00e4glichkeit zu \u00fcberpr\u00fcfen. Nat\u00fcrlich [&hellip;]<\/p>\n","protected":false},"author":1,"featured_media":0,"parent":0,"menu_order":0,"comment_status":"closed","ping_status":"closed","template":"","meta":{"footnotes":""},"class_list":["post-27","page","type-page","status-publish","hentry"],"_links":{"self":[{"href":"https:\/\/www.prosper142.de\/index.php?rest_route=\/wp\/v2\/pages\/27","targetHints":{"allow":["GET"]}}],"collection":[{"href":"https:\/\/www.prosper142.de\/index.php?rest_route=\/wp\/v2\/pages"}],"about":[{"href":"https:\/\/www.prosper142.de\/index.php?rest_route=\/wp\/v2\/types\/page"}],"author":[{"embeddable":true,"href":"https:\/\/www.prosper142.de\/index.php?rest_route=\/wp\/v2\/users\/1"}],"replies":[{"embeddable":true,"href":"https:\/\/www.prosper142.de\/index.php?rest_route=%2Fwp%2Fv2%2Fcomments&post=27"}],"version-history":[{"count":25,"href":"https:\/\/www.prosper142.de\/index.php?rest_route=\/wp\/v2\/pages\/27\/revisions"}],"predecessor-version":[{"id":1026,"href":"https:\/\/www.prosper142.de\/index.php?rest_route=\/wp\/v2\/pages\/27\/revisions\/1026"}],"wp:attachment":[{"href":"https:\/\/www.prosper142.de\/index.php?rest_route=%2Fwp%2Fv2%2Fmedia&parent=27"}],"curies":[{"name":"wp","href":"https:\/\/api.w.org\/{rel}","templated":true}]}}